{"id":19738,"date":"2025-12-01T09:37:37","date_gmt":"2025-12-01T08:37:37","guid":{"rendered":"https:\/\/addicks.de\/georg-kreye-foundation\/"},"modified":"2025-12-18T19:46:11","modified_gmt":"2025-12-18T18:46:11","slug":"georg-kreye-foundation","status":"publish","type":"page","link":"https:\/\/addicks.de\/en\/georg-kreye-foundation\/","title":{"rendered":"Georg Kreye Foundation"},"content":{"rendered":"\t\t<div data-elementor-type=\"wp-page\" data-elementor-id=\"19738\" class=\"elementor elementor-19738 elementor-19046\" data-elementor-post-type=\"page\">\n\t\t\t\t<div class=\"elementor-element elementor-element-42b5b2e e-flex e-con-boxed e-con e-parent\" data-id=\"42b5b2e\" data-element_type=\"container\" data-e-type=\"container\">\n\t\t\t\t\t<div class=\"e-con-inner\">\n\t\t\t\t<div class=\"elementor-element elementor-element-295c2a3 elementor-widget elementor-widget-text-editor\" data-id=\"295c2a3\" data-element_type=\"widget\" data-e-type=\"widget\" data-widget_type=\"text-editor.default\">\n\t\t\t\t\t\t\t\t\t<p><strong>Our Commitment to Maritime Tradition and its Future<\/strong><\/p><p>As one of the leading companies in the port industry, we are proud not only to deliver excellent services in port logistics but also to make a significant contribution to promoting maritime culture.<\/p><p>A distinctive feature of our corporate group is its structure: The sole shareholder of Addicks &amp; Kreye Holding GmbH is the non-profit Georg Kreye Foundation. The foundation was established through the will of our long-standing owner, Georg Kreye junior. His wish was to preserve and promote the rich maritime tradition.  <\/p><p>The purpose of the foundation is to support the <a href=\"https:\/\/www.dsm.museum\/engagieren\" target=\"_blank\" rel=\"noopener\">Friends of the German Maritime Museum in Bremerhaven<\/a> from the profits distributed to it. Thus, our business activities contribute to ensuring that the fascination and knowledge surrounding ports and the maritime industry are preserved and can be further developed.<\/p>\t\t\t\t\t\t\t\t<\/div>\n\t\t<div class=\"elementor-element elementor-element-12e3674 e-grid e-con-full e-con e-child\" data-id=\"12e3674\" data-element_type=\"container\" data-e-type=\"container\">\n\t\t\t\t<div class=\"elementor-element elementor-element-f957a96 elementor-widget elementor-widget-image\" data-id=\"f957a96\" data-element_type=\"widget\" data-e-type=\"widget\" data-widget_type=\"image.default\">\n\t\t\t\t\t\t\t\t\t\t\t\t<figure class=\"wp-caption\">\n\t\t\t\t\t\t\t\t\t\t<img fetchpriority=\"high\" decoding=\"async\" width=\"1024\" height=\"683\" src=\"https:\/\/addicks.de\/wp-content\/uploads\/2025\/12\/BremerKoggeNielsHollmeier-scaled-1-1024x683.avif\" class=\"attachment-large size-large wp-image-19739\" alt=\"Photo of the Bremen Cog by Niels Hollmeier\" srcset=\"https:\/\/addicks.de\/wp-content\/uploads\/2025\/12\/BremerKoggeNielsHollmeier-scaled-1-1024x683.avif 1024w, https:\/\/addicks.de\/wp-content\/uploads\/2025\/12\/BremerKoggeNielsHollmeier-scaled-1-300x200.avif 300w, https:\/\/addicks.de\/wp-content\/uploads\/2025\/12\/BremerKoggeNielsHollmeier-scaled-1-768x512.avif 768w, https:\/\/addicks.de\/wp-content\/uploads\/2025\/12\/BremerKoggeNielsHollmeier-scaled-1-1536x1024.avif 1536w, https:\/\/addicks.de\/wp-content\/uploads\/2025\/12\/BremerKoggeNielsHollmeier-scaled-1-2048x1366.avif 2048w\" sizes=\"(max-width: 1024px) 100vw, 1024px\" \/>\t\t\t\t\t\t\t\t\t\t\t<figcaption class=\"widget-image-caption wp-caption-text\">Photo: DSM \/ Niels Hollmeier<\/figcaption>\n\t\t\t\t\t\t\t\t\t\t<\/figure>\n\t\t\t\t\t\t\t\t\t<\/div>\n\t\t\t\t<div class=\"elementor-element elementor-element-571202f elementor-widget elementor-widget-text-editor\" data-id=\"571202f\" data-element_type=\"widget\" data-e-type=\"widget\" data-widget_type=\"text-editor.default\">\n\t\t\t\t\t\t\t\t\t<p>The German Maritime Museum (DSM) in Bremerhaven is Germany&#8217;s national research and maritime museum and belongs to the renowned Leibniz Association. Since its opening in 1975, the DSM has uniquely conveyed the history and future of maritime shipping. <\/p><p>Across five exciting thematic areas and with over 2,000 exhibits, visitors interactively experience how technology, research, and maritime history are interconnected \u2013 from historical shipbuilding to polar and marine research, and modern navigation.<\/p><p>In addition to the exhibition, the DSM fulfills three central tasks:<br>Research, Collection &amp; Preservation, and Education &amp; Outreach.<\/p><p>Further information can be found on the museum&#8217;s official <a href=\"https:\/\/www.dsm.museum\/\" target=\"_blank\" rel=\"noopener\">website<\/a>.<\/p>\t\t\t\t\t\t\t\t<\/div>\n\t\t\t\t<\/div>\n\t\t\t\t\t<\/div>\n\t\t\t\t<\/div>\n\t\t\t\t<\/div>\n\t\t","protected":false},"excerpt":{"rendered":"<p>Our Commitment to Maritime Tradition and its Future As one of the leading companies in the port industry, we are proud not only to deliver excellent services in port logistics but also to make a significant contribution to promoting maritime culture. A distinctive feature of our corporate group is its structure: The sole shareholder of&hellip;<\/p>\n","protected":false},"author":1,"featured_media":0,"parent":0,"menu_order":0,"comment_status":"closed","ping_status":"closed","template":"","meta":{"footnotes":""},"class_list":["post-19738","page","type-page","status-publish","hentry"],"yoast_head":"<!-- This site is optimized with the Yoast SEO plugin v27.3 - https:\/\/yoast.com\/product\/yoast-seo-wordpress\/ -->\n<title>Georg Kreye Foundation - Addicks &amp; Kreye<\/title>\n<meta name=\"description\" content=\"Georg Kreye Foundation: Charitable commitment to maritime culture. Support for the German Maritime Museum Bremerhaven. Tradition &amp; future of seafaring.\" \/>\n<meta name=\"robots\" content=\"index, follow, max-snippet:-1, max-image-preview:large, max-video-preview:-1\" \/>\n<link rel=\"canonical\" href=\"https:\/\/addicks.de\/en\/georg-kreye-foundation\/\" \/>\n<meta property=\"og:locale\" content=\"en_US\" \/>\n<meta property=\"og:type\" content=\"article\" \/>\n<meta property=\"og:title\" content=\"Georg Kreye Foundation - Addicks &amp; Kreye\" \/>\n<meta property=\"og:description\" content=\"Georg Kreye Foundation: Charitable commitment to maritime culture. Support for the German Maritime Museum Bremerhaven. Tradition &amp; future of seafaring.\" \/>\n<meta property=\"og:url\" content=\"https:\/\/addicks.de\/en\/georg-kreye-foundation\/\" \/>\n<meta property=\"og:site_name\" content=\"Addicks &amp; Kreye\" \/>\n<meta property=\"article:publisher\" content=\"https:\/\/www.facebook.com\/addickskreye\" \/>\n<meta property=\"article:modified_time\" content=\"2025-12-18T18:46:11+00:00\" \/>\n<meta name=\"twitter:card\" content=\"summary_large_image\" \/>\n<meta name=\"twitter:label1\" content=\"Est. reading time\" \/>\n\t<meta name=\"twitter:data1\" content=\"1 minute\" \/>\n<script type=\"application\/ld+json\" class=\"yoast-schema-graph\">{\"@context\":\"https:\\\/\\\/schema.org\",\"@graph\":[{\"@type\":\"WebPage\",\"@id\":\"https:\\\/\\\/addicks.de\\\/en\\\/georg-kreye-foundation\\\/\",\"url\":\"https:\\\/\\\/addicks.de\\\/en\\\/georg-kreye-foundation\\\/\",\"name\":\"Georg Kreye Foundation - Addicks &amp; Kreye\",\"isPartOf\":{\"@id\":\"https:\\\/\\\/addicks.de\\\/#website\"},\"primaryImageOfPage\":{\"@id\":\"https:\\\/\\\/addicks.de\\\/en\\\/georg-kreye-foundation\\\/#primaryimage\"},\"image\":{\"@id\":\"https:\\\/\\\/addicks.de\\\/en\\\/georg-kreye-foundation\\\/#primaryimage\"},\"thumbnailUrl\":\"https:\\\/\\\/addicks.de\\\/wp-content\\\/uploads\\\/2025\\\/12\\\/BremerKoggeNielsHollmeier-scaled-1-1024x683.avif\",\"datePublished\":\"2025-12-01T08:37:37+00:00\",\"dateModified\":\"2025-12-18T18:46:11+00:00\",\"description\":\"Georg Kreye Foundation: Charitable commitment to maritime culture. Support for the German Maritime Museum Bremerhaven. Tradition & future of seafaring.\",\"breadcrumb\":{\"@id\":\"https:\\\/\\\/addicks.de\\\/en\\\/georg-kreye-foundation\\\/#breadcrumb\"},\"inLanguage\":\"en-US\",\"potentialAction\":[{\"@type\":\"ReadAction\",\"target\":[\"https:\\\/\\\/addicks.de\\\/en\\\/georg-kreye-foundation\\\/\"]}]},{\"@type\":\"ImageObject\",\"inLanguage\":\"en-US\",\"@id\":\"https:\\\/\\\/addicks.de\\\/en\\\/georg-kreye-foundation\\\/#primaryimage\",\"url\":\"https:\\\/\\\/addicks.de\\\/wp-content\\\/uploads\\\/2025\\\/12\\\/BremerKoggeNielsHollmeier-scaled-1-1024x683.avif\",\"contentUrl\":\"https:\\\/\\\/addicks.de\\\/wp-content\\\/uploads\\\/2025\\\/12\\\/BremerKoggeNielsHollmeier-scaled-1-1024x683.avif\"},{\"@type\":\"BreadcrumbList\",\"@id\":\"https:\\\/\\\/addicks.de\\\/en\\\/georg-kreye-foundation\\\/#breadcrumb\",\"itemListElement\":[{\"@type\":\"ListItem\",\"position\":1,\"name\":\"Home\",\"item\":\"https:\\\/\\\/addicks.de\\\/en\\\/homepage\\\/\"},{\"@type\":\"ListItem\",\"position\":2,\"name\":\"Georg Kreye Foundation\"}]},{\"@type\":\"WebSite\",\"@id\":\"https:\\\/\\\/addicks.de\\\/#website\",\"url\":\"https:\\\/\\\/addicks.de\\\/\",\"name\":\"Addicks & Kreye\",\"description\":\"Ihr zuverl\u00e4ssiger Partner f\u00fcr umfassende Hafendienstleistungen rund um den \u00dcberseecontainer\",\"publisher\":{\"@id\":\"https:\\\/\\\/addicks.de\\\/#organization\"},\"potentialAction\":[{\"@type\":\"SearchAction\",\"target\":{\"@type\":\"EntryPoint\",\"urlTemplate\":\"https:\\\/\\\/addicks.de\\\/?s={search_term_string}\"},\"query-input\":{\"@type\":\"PropertyValueSpecification\",\"valueRequired\":true,\"valueName\":\"search_term_string\"}}],\"inLanguage\":\"en-US\"},{\"@type\":\"Organization\",\"@id\":\"https:\\\/\\\/addicks.de\\\/#organization\",\"name\":\"Addicks & Kreye\",\"url\":\"https:\\\/\\\/addicks.de\\\/\",\"logo\":{\"@type\":\"ImageObject\",\"inLanguage\":\"en-US\",\"@id\":\"https:\\\/\\\/addicks.de\\\/#\\\/schema\\\/logo\\\/image\\\/\",\"url\":\"https:\\\/\\\/addicks.de\\\/wp-content\\\/uploads\\\/2025\\\/11\\\/logo_addicks-kreye.png\",\"contentUrl\":\"https:\\\/\\\/addicks.de\\\/wp-content\\\/uploads\\\/2025\\\/11\\\/logo_addicks-kreye.png\",\"width\":496,\"height\":141,\"caption\":\"Addicks & Kreye\"},\"image\":{\"@id\":\"https:\\\/\\\/addicks.de\\\/#\\\/schema\\\/logo\\\/image\\\/\"},\"sameAs\":[\"https:\\\/\\\/www.facebook.com\\\/addickskreye\",\"https:\\\/\\\/www.instagram.com\\\/addickskreye\"]}]}<\/script>\n<!-- \/ Yoast SEO plugin. -->","yoast_head_json":{"title":"Georg Kreye Foundation - Addicks &amp; Kreye","description":"Georg Kreye Foundation: Charitable commitment to maritime culture. Support for the German Maritime Museum Bremerhaven. Tradition & future of seafaring.","robots":{"index":"index","follow":"follow","max-snippet":"max-snippet:-1","max-image-preview":"max-image-preview:large","max-video-preview":"max-video-preview:-1"},"canonical":"https:\/\/addicks.de\/en\/georg-kreye-foundation\/","og_locale":"en_US","og_type":"article","og_title":"Georg Kreye Foundation - Addicks &amp; Kreye","og_description":"Georg Kreye Foundation: Charitable commitment to maritime culture. Support for the German Maritime Museum Bremerhaven. Tradition & future of seafaring.","og_url":"https:\/\/addicks.de\/en\/georg-kreye-foundation\/","og_site_name":"Addicks &amp; Kreye","article_publisher":"https:\/\/www.facebook.com\/addickskreye","article_modified_time":"2025-12-18T18:46:11+00:00","twitter_card":"summary_large_image","twitter_misc":{"Est. reading time":"1 minute"},"schema":{"@context":"https:\/\/schema.org","@graph":[{"@type":"WebPage","@id":"https:\/\/addicks.de\/en\/georg-kreye-foundation\/","url":"https:\/\/addicks.de\/en\/georg-kreye-foundation\/","name":"Georg Kreye Foundation - Addicks &amp; Kreye","isPartOf":{"@id":"https:\/\/addicks.de\/#website"},"primaryImageOfPage":{"@id":"https:\/\/addicks.de\/en\/georg-kreye-foundation\/#primaryimage"},"image":{"@id":"https:\/\/addicks.de\/en\/georg-kreye-foundation\/#primaryimage"},"thumbnailUrl":"https:\/\/addicks.de\/wp-content\/uploads\/2025\/12\/BremerKoggeNielsHollmeier-scaled-1-1024x683.avif","datePublished":"2025-12-01T08:37:37+00:00","dateModified":"2025-12-18T18:46:11+00:00","description":"Georg Kreye Foundation: Charitable commitment to maritime culture. Support for the German Maritime Museum Bremerhaven. Tradition & future of seafaring.","breadcrumb":{"@id":"https:\/\/addicks.de\/en\/georg-kreye-foundation\/#breadcrumb"},"inLanguage":"en-US","potentialAction":[{"@type":"ReadAction","target":["https:\/\/addicks.de\/en\/georg-kreye-foundation\/"]}]},{"@type":"ImageObject","inLanguage":"en-US","@id":"https:\/\/addicks.de\/en\/georg-kreye-foundation\/#primaryimage","url":"https:\/\/addicks.de\/wp-content\/uploads\/2025\/12\/BremerKoggeNielsHollmeier-scaled-1-1024x683.avif","contentUrl":"https:\/\/addicks.de\/wp-content\/uploads\/2025\/12\/BremerKoggeNielsHollmeier-scaled-1-1024x683.avif"},{"@type":"BreadcrumbList","@id":"https:\/\/addicks.de\/en\/georg-kreye-foundation\/#breadcrumb","itemListElement":[{"@type":"ListItem","position":1,"name":"Home","item":"https:\/\/addicks.de\/en\/homepage\/"},{"@type":"ListItem","position":2,"name":"Georg Kreye Foundation"}]},{"@type":"WebSite","@id":"https:\/\/addicks.de\/#website","url":"https:\/\/addicks.de\/","name":"Addicks & Kreye","description":"Ihr zuverl\u00e4ssiger Partner f\u00fcr umfassende Hafendienstleistungen rund um den \u00dcberseecontainer","publisher":{"@id":"https:\/\/addicks.de\/#organization"},"potentialAction":[{"@type":"SearchAction","target":{"@type":"EntryPoint","urlTemplate":"https:\/\/addicks.de\/?s={search_term_string}"},"query-input":{"@type":"PropertyValueSpecification","valueRequired":true,"valueName":"search_term_string"}}],"inLanguage":"en-US"},{"@type":"Organization","@id":"https:\/\/addicks.de\/#organization","name":"Addicks & Kreye","url":"https:\/\/addicks.de\/","logo":{"@type":"ImageObject","inLanguage":"en-US","@id":"https:\/\/addicks.de\/#\/schema\/logo\/image\/","url":"https:\/\/addicks.de\/wp-content\/uploads\/2025\/11\/logo_addicks-kreye.png","contentUrl":"https:\/\/addicks.de\/wp-content\/uploads\/2025\/11\/logo_addicks-kreye.png","width":496,"height":141,"caption":"Addicks & Kreye"},"image":{"@id":"https:\/\/addicks.de\/#\/schema\/logo\/image\/"},"sameAs":["https:\/\/www.facebook.com\/addickskreye","https:\/\/www.instagram.com\/addickskreye"]}]}},"_links":{"self":[{"href":"https:\/\/addicks.de\/en\/wp-json\/wp\/v2\/pages\/19738","targetHints":{"allow":["GET"]}}],"collection":[{"href":"https:\/\/addicks.de\/en\/wp-json\/wp\/v2\/pages"}],"about":[{"href":"https:\/\/addicks.de\/en\/wp-json\/wp\/v2\/types\/page"}],"author":[{"embeddable":true,"href":"https:\/\/addicks.de\/en\/wp-json\/wp\/v2\/users\/1"}],"replies":[{"embeddable":true,"href":"https:\/\/addicks.de\/en\/wp-json\/wp\/v2\/comments?post=19738"}],"version-history":[{"count":2,"href":"https:\/\/addicks.de\/en\/wp-json\/wp\/v2\/pages\/19738\/revisions"}],"predecessor-version":[{"id":20336,"href":"https:\/\/addicks.de\/en\/wp-json\/wp\/v2\/pages\/19738\/revisions\/20336"}],"wp:attachment":[{"href":"https:\/\/addicks.de\/en\/wp-json\/wp\/v2\/media?parent=19738"}],"curies":[{"name":"wp","href":"https:\/\/api.w.org\/{rel}","templated":true}]}}